{"id":90,"date":"2018-09-03T13:09:25","date_gmt":"2018-09-03T11:09:25","guid":{"rendered":"https:\/\/www.consorzioagrarioparma.it\/agricoltura\/?page_id=90"},"modified":"2018-11-23T11:18:39","modified_gmt":"2018-11-23T10:18:39","slug":"agrofarmaci","status":"publish","type":"page","link":"https:\/\/www.consorzioagrarioparma.it\/agricoltura\/agrofarmaci\/","title":{"rendered":"Agrofarmaci"},"content":{"rendered":"<p>Agroparma \u00e8 in grado di fornire tutti i principali prodotti per la lotta chimica e biologica contro le avversit\u00e0 delle colture della nostra provincia.<\/p>\n<h4>Alcune ditte tra le pi\u00f9 significative del nostro listino<\/h4>\n<p><img loading=\"lazy\" decoding=\"async\" class=\"alignnone size-thumbnail wp-image-330\" src=\"https:\/\/www.consorzioagrarioparma.it\/agricoltura\/wp-content\/uploads\/sites\/2\/2018\/10\/siapa-150x150.png\" alt=\"\" width=\"150\" height=\"150\" srcset=\"https:\/\/www.consorzioagrarioparma.it\/agricoltura\/wp-content\/uploads\/sites\/2\/2018\/10\/siapa-150x150.png 150w, https:\/\/www.consorzioagrarioparma.it\/agricoltura\/wp-content\/uploads\/sites\/2\/2018\/10\/siapa.png 300w\" sizes=\"auto, (max-width: 150px) 100vw, 150px\" \/><img loading=\"lazy\" decoding=\"async\" class=\"alignnone size-thumbnail wp-image-325\" src=\"https:\/\/www.consorzioagrarioparma.it\/agricoltura\/wp-content\/uploads\/sites\/2\/2018\/10\/Basf-logo-150x150.jpg\" alt=\"\" width=\"150\" height=\"150\" srcset=\"https:\/\/www.consorzioagrarioparma.it\/agricoltura\/wp-content\/uploads\/sites\/2\/2018\/10\/Basf-logo-150x150.jpg 150w, https:\/\/www.consorzioagrarioparma.it\/agricoltura\/wp-content\/uploads\/sites\/2\/2018\/10\/Basf-logo.jpg 300w\" sizes=\"auto, (max-width: 150px) 100vw, 150px\" \/><img loading=\"lazy\" decoding=\"async\" class=\"alignnone size-thumbnail wp-image-333\" src=\"https:\/\/www.consorzioagrarioparma.it\/agricoltura\/wp-content\/uploads\/sites\/2\/2018\/10\/Adama-150x150.jpg\" alt=\"\" width=\"150\" height=\"150\" srcset=\"https:\/\/www.consorzioagrarioparma.it\/agricoltura\/wp-content\/uploads\/sites\/2\/2018\/10\/Adama-150x150.jpg 150w, https:\/\/www.consorzioagrarioparma.it\/agricoltura\/wp-content\/uploads\/sites\/2\/2018\/10\/Adama.jpg 300w\" sizes=\"auto, (max-width: 150px) 100vw, 150px\" \/><img loading=\"lazy\" decoding=\"async\" class=\"alignnone size-thumbnail wp-image-328\" src=\"https:\/\/www.consorzioagrarioparma.it\/agricoltura\/wp-content\/uploads\/sites\/2\/2018\/10\/corteva_dow-dupont-150x150.png\" alt=\"\" width=\"150\" height=\"150\" srcset=\"https:\/\/www.consorzioagrarioparma.it\/agricoltura\/wp-content\/uploads\/sites\/2\/2018\/10\/corteva_dow-dupont-150x150.png 150w, https:\/\/www.consorzioagrarioparma.it\/agricoltura\/wp-content\/uploads\/sites\/2\/2018\/10\/corteva_dow-dupont.png 300w\" sizes=\"auto, (max-width: 150px) 100vw, 150px\" \/><img loading=\"lazy\" decoding=\"async\" class=\"alignnone size-thumbnail wp-image-327\" src=\"https:\/\/www.consorzioagrarioparma.it\/agricoltura\/wp-content\/uploads\/sites\/2\/2018\/10\/chimiberg-150x150.png\" alt=\"\" width=\"150\" height=\"150\" srcset=\"https:\/\/www.consorzioagrarioparma.it\/agricoltura\/wp-content\/uploads\/sites\/2\/2018\/10\/chimiberg-150x150.png 150w, https:\/\/www.consorzioagrarioparma.it\/agricoltura\/wp-content\/uploads\/sites\/2\/2018\/10\/chimiberg.png 300w\" sizes=\"auto, (max-width: 150px) 100vw, 150px\" \/><img loading=\"lazy\" decoding=\"async\" class=\"alignnone size-thumbnail wp-image-331\" src=\"https:\/\/www.consorzioagrarioparma.it\/agricoltura\/wp-content\/uploads\/sites\/2\/2018\/10\/sipcam-150x150.jpg\" alt=\"\" width=\"150\" height=\"150\" srcset=\"https:\/\/www.consorzioagrarioparma.it\/agricoltura\/wp-content\/uploads\/sites\/2\/2018\/10\/sipcam-150x150.jpg 150w, https:\/\/www.consorzioagrarioparma.it\/agricoltura\/wp-content\/uploads\/sites\/2\/2018\/10\/sipcam.jpg 300w\" sizes=\"auto, (max-width: 150px) 100vw, 150px\" \/><img loading=\"lazy\" decoding=\"async\" class=\"alignnone size-thumbnail wp-image-332\" src=\"https:\/\/www.consorzioagrarioparma.it\/agricoltura\/wp-content\/uploads\/sites\/2\/2018\/10\/Syngenta-150x150.png\" alt=\"\" width=\"150\" height=\"150\" srcset=\"https:\/\/www.consorzioagrarioparma.it\/agricoltura\/wp-content\/uploads\/sites\/2\/2018\/10\/Syngenta-150x150.png 150w, https:\/\/www.consorzioagrarioparma.it\/agricoltura\/wp-content\/uploads\/sites\/2\/2018\/10\/Syngenta.png 300w\" sizes=\"auto, (max-width: 150px) 100vw, 150px\" \/><img loading=\"lazy\" decoding=\"async\" class=\"alignnone size-thumbnail wp-image-329\" src=\"https:\/\/www.consorzioagrarioparma.it\/agricoltura\/wp-content\/uploads\/sites\/2\/2018\/10\/gowan-150x150.jpg\" alt=\"\" width=\"150\" height=\"150\" srcset=\"https:\/\/www.consorzioagrarioparma.it\/agricoltura\/wp-content\/uploads\/sites\/2\/2018\/10\/gowan-150x150.jpg 150w, https:\/\/www.consorzioagrarioparma.it\/agricoltura\/wp-content\/uploads\/sites\/2\/2018\/10\/gowan.jpg 300w\" sizes=\"auto, (max-width: 150px) 100vw, 150px\" \/><img loading=\"lazy\" decoding=\"async\" class=\"alignnone size-thumbnail wp-image-326\" src=\"https:\/\/www.consorzioagrarioparma.it\/agricoltura\/wp-content\/uploads\/sites\/2\/2018\/10\/bayer-150x150.png\" alt=\"\" width=\"150\" height=\"150\" srcset=\"https:\/\/www.consorzioagrarioparma.it\/agricoltura\/wp-content\/uploads\/sites\/2\/2018\/10\/bayer-150x150.png 150w, https:\/\/www.consorzioagrarioparma.it\/agricoltura\/wp-content\/uploads\/sites\/2\/2018\/10\/bayer.png 300w\" sizes=\"auto, (max-width: 150px) 100vw, 150px\" \/><\/p>\n<p>&nbsp;<\/p>\n<p>&nbsp;<\/p>\n","protected":false},"excerpt":{"rendered":"<p>Agroparma \u00e8 in grado di fornire tutti i principali prodotti per la lotta chimica e biologica contro le avversit\u00e0 delle colture della nostra provincia. Alcune ditte tra le pi\u00f9 significative del nostro listino &nbsp; &nbsp;<\/p>\n","protected":false},"author":4,"featured_media":91,"parent":0,"menu_order":0,"comment_status":"closed","ping_status":"closed","template":"page-templates\/servizio.php","meta":{"_acf_changed":false,"footnotes":""},"class_list":["post-90","page","type-page","status-publish","has-post-thumbnail","hentry"],"acf":[],"yoast_head":"<!-- This site is optimized with the Yoast SEO plugin v27.4 - https:\/\/yoast.com\/product\/yoast-seo-wordpress\/ -->\n<title>Agrofarmaci - Agricoltura<\/title>\n<meta name=\"description\" content=\"Prodotti agrofamaci per le coltivazioni convenzionali e biologiche. Vasta gamma di agrofarmaci per le coltivazioni della provincia di Parma.\" \/>\n<meta name=\"robots\" content=\"index, follow, max-snippet:-1, max-image-preview:large, max-video-preview:-1\" \/>\n<link rel=\"canonical\" href=\"https:\/\/www.consorzioagrarioparma.it\/agricoltura\/agrofarmaci\/\" \/>\n<meta property=\"og:locale\" content=\"it_IT\" \/>\n<meta property=\"og:type\" content=\"article\" \/>\n<meta property=\"og:title\" content=\"Agrofarmaci - Agricoltura\" \/>\n<meta property=\"og:description\" content=\"Prodotti agrofamaci per le coltivazioni convenzionali e biologiche. Vasta gamma di agrofarmaci per le coltivazioni della provincia di Parma.\" \/>\n<meta property=\"og:url\" content=\"https:\/\/www.consorzioagrarioparma.it\/agricoltura\/agrofarmaci\/\" \/>\n<meta property=\"og:site_name\" content=\"Agricoltura\" \/>\n<meta property=\"article:modified_time\" content=\"2018-11-23T10:18:39+00:00\" \/>\n<meta property=\"og:image\" content=\"https:\/\/www.consorzioagrarioparma.it\/agricoltura\/wp-content\/uploads\/sites\/2\/2018\/09\/header_agricoltura.png\" \/>\n\t<meta property=\"og:image:width\" content=\"1280\" \/>\n\t<meta property=\"og:image:height\" content=\"396\" \/>\n\t<meta property=\"og:image:type\" content=\"image\/png\" \/>\n<meta name=\"twitter:card\" content=\"summary_large_image\" \/>\n<script type=\"application\/ld+json\" class=\"yoast-schema-graph\">{\"@context\":\"https:\\\/\\\/schema.org\",\"@graph\":[{\"@type\":\"WebPage\",\"@id\":\"https:\\\/\\\/www.consorzioagrarioparma.it\\\/agricoltura\\\/agrofarmaci\\\/\",\"url\":\"https:\\\/\\\/www.consorzioagrarioparma.it\\\/agricoltura\\\/agrofarmaci\\\/\",\"name\":\"Agrofarmaci - Agricoltura\",\"isPartOf\":{\"@id\":\"https:\\\/\\\/www.consorzioagrarioparma.it\\\/agricoltura\\\/#website\"},\"primaryImageOfPage\":{\"@id\":\"https:\\\/\\\/www.consorzioagrarioparma.it\\\/agricoltura\\\/agrofarmaci\\\/#primaryimage\"},\"image\":{\"@id\":\"https:\\\/\\\/www.consorzioagrarioparma.it\\\/agricoltura\\\/agrofarmaci\\\/#primaryimage\"},\"thumbnailUrl\":\"https:\\\/\\\/www.consorzioagrarioparma.it\\\/agricoltura\\\/wp-content\\\/uploads\\\/sites\\\/2\\\/2018\\\/09\\\/header_agricoltura.png\",\"datePublished\":\"2018-09-03T11:09:25+00:00\",\"dateModified\":\"2018-11-23T10:18:39+00:00\",\"description\":\"Prodotti agrofamaci per le coltivazioni convenzionali e biologiche. Vasta gamma di agrofarmaci per le coltivazioni della provincia di Parma.\",\"breadcrumb\":{\"@id\":\"https:\\\/\\\/www.consorzioagrarioparma.it\\\/agricoltura\\\/agrofarmaci\\\/#breadcrumb\"},\"inLanguage\":\"it-IT\",\"potentialAction\":[{\"@type\":\"ReadAction\",\"target\":[\"https:\\\/\\\/www.consorzioagrarioparma.it\\\/agricoltura\\\/agrofarmaci\\\/\"]}]},{\"@type\":\"ImageObject\",\"inLanguage\":\"it-IT\",\"@id\":\"https:\\\/\\\/www.consorzioagrarioparma.it\\\/agricoltura\\\/agrofarmaci\\\/#primaryimage\",\"url\":\"https:\\\/\\\/www.consorzioagrarioparma.it\\\/agricoltura\\\/wp-content\\\/uploads\\\/sites\\\/2\\\/2018\\\/09\\\/header_agricoltura.png\",\"contentUrl\":\"https:\\\/\\\/www.consorzioagrarioparma.it\\\/agricoltura\\\/wp-content\\\/uploads\\\/sites\\\/2\\\/2018\\\/09\\\/header_agricoltura.png\",\"width\":1280,\"height\":396},{\"@type\":\"BreadcrumbList\",\"@id\":\"https:\\\/\\\/www.consorzioagrarioparma.it\\\/agricoltura\\\/agrofarmaci\\\/#breadcrumb\",\"itemListElement\":[{\"@type\":\"ListItem\",\"position\":1,\"name\":\"Home\",\"item\":\"https:\\\/\\\/www.consorzioagrarioparma.it\\\/agricoltura\\\/\"},{\"@type\":\"ListItem\",\"position\":2,\"name\":\"Agrofarmaci\"}]},{\"@type\":\"WebSite\",\"@id\":\"https:\\\/\\\/www.consorzioagrarioparma.it\\\/agricoltura\\\/#website\",\"url\":\"https:\\\/\\\/www.consorzioagrarioparma.it\\\/agricoltura\\\/\",\"name\":\"Agricoltura\",\"description\":\"\",\"publisher\":{\"@id\":\"https:\\\/\\\/www.consorzioagrarioparma.it\\\/agricoltura\\\/#organization\"},\"potentialAction\":[{\"@type\":\"SearchAction\",\"target\":{\"@type\":\"EntryPoint\",\"urlTemplate\":\"https:\\\/\\\/www.consorzioagrarioparma.it\\\/agricoltura\\\/?s={search_term_string}\"},\"query-input\":{\"@type\":\"PropertyValueSpecification\",\"valueRequired\":true,\"valueName\":\"search_term_string\"}}],\"inLanguage\":\"it-IT\"},{\"@type\":\"Organization\",\"@id\":\"https:\\\/\\\/www.consorzioagrarioparma.it\\\/agricoltura\\\/#organization\",\"name\":\"Agricoltura\",\"url\":\"https:\\\/\\\/www.consorzioagrarioparma.it\\\/agricoltura\\\/\",\"logo\":{\"@type\":\"ImageObject\",\"inLanguage\":\"it-IT\",\"@id\":\"https:\\\/\\\/www.consorzioagrarioparma.it\\\/agricoltura\\\/#\\\/schema\\\/logo\\\/image\\\/\",\"url\":\"https:\\\/\\\/www.consorzioagrarioparma.it\\\/agricoltura\\\/wp-content\\\/uploads\\\/sites\\\/2\\\/2018\\\/09\\\/cropped-group-1885.png\",\"contentUrl\":\"https:\\\/\\\/www.consorzioagrarioparma.it\\\/agricoltura\\\/wp-content\\\/uploads\\\/sites\\\/2\\\/2018\\\/09\\\/cropped-group-1885.png\",\"width\":250,\"height\":250,\"caption\":\"Agricoltura\"},\"image\":{\"@id\":\"https:\\\/\\\/www.consorzioagrarioparma.it\\\/agricoltura\\\/#\\\/schema\\\/logo\\\/image\\\/\"}}]}<\/script>\n<!-- \/ Yoast SEO plugin. -->","yoast_head_json":{"title":"Agrofarmaci - Agricoltura","description":"Prodotti agrofamaci per le coltivazioni convenzionali e biologiche. Vasta gamma di agrofarmaci per le coltivazioni della provincia di Parma.","robots":{"index":"index","follow":"follow","max-snippet":"max-snippet:-1","max-image-preview":"max-image-preview:large","max-video-preview":"max-video-preview:-1"},"canonical":"https:\/\/www.consorzioagrarioparma.it\/agricoltura\/agrofarmaci\/","og_locale":"it_IT","og_type":"article","og_title":"Agrofarmaci - Agricoltura","og_description":"Prodotti agrofamaci per le coltivazioni convenzionali e biologiche. Vasta gamma di agrofarmaci per le coltivazioni della provincia di Parma.","og_url":"https:\/\/www.consorzioagrarioparma.it\/agricoltura\/agrofarmaci\/","og_site_name":"Agricoltura","article_modified_time":"2018-11-23T10:18:39+00:00","og_image":[{"width":1280,"height":396,"url":"https:\/\/www.consorzioagrarioparma.it\/agricoltura\/wp-content\/uploads\/sites\/2\/2018\/09\/header_agricoltura.png","type":"image\/png"}],"twitter_card":"summary_large_image","schema":{"@context":"https:\/\/schema.org","@graph":[{"@type":"WebPage","@id":"https:\/\/www.consorzioagrarioparma.it\/agricoltura\/agrofarmaci\/","url":"https:\/\/www.consorzioagrarioparma.it\/agricoltura\/agrofarmaci\/","name":"Agrofarmaci - Agricoltura","isPartOf":{"@id":"https:\/\/www.consorzioagrarioparma.it\/agricoltura\/#website"},"primaryImageOfPage":{"@id":"https:\/\/www.consorzioagrarioparma.it\/agricoltura\/agrofarmaci\/#primaryimage"},"image":{"@id":"https:\/\/www.consorzioagrarioparma.it\/agricoltura\/agrofarmaci\/#primaryimage"},"thumbnailUrl":"https:\/\/www.consorzioagrarioparma.it\/agricoltura\/wp-content\/uploads\/sites\/2\/2018\/09\/header_agricoltura.png","datePublished":"2018-09-03T11:09:25+00:00","dateModified":"2018-11-23T10:18:39+00:00","description":"Prodotti agrofamaci per le coltivazioni convenzionali e biologiche. Vasta gamma di agrofarmaci per le coltivazioni della provincia di Parma.","breadcrumb":{"@id":"https:\/\/www.consorzioagrarioparma.it\/agricoltura\/agrofarmaci\/#breadcrumb"},"inLanguage":"it-IT","potentialAction":[{"@type":"ReadAction","target":["https:\/\/www.consorzioagrarioparma.it\/agricoltura\/agrofarmaci\/"]}]},{"@type":"ImageObject","inLanguage":"it-IT","@id":"https:\/\/www.consorzioagrarioparma.it\/agricoltura\/agrofarmaci\/#primaryimage","url":"https:\/\/www.consorzioagrarioparma.it\/agricoltura\/wp-content\/uploads\/sites\/2\/2018\/09\/header_agricoltura.png","contentUrl":"https:\/\/www.consorzioagrarioparma.it\/agricoltura\/wp-content\/uploads\/sites\/2\/2018\/09\/header_agricoltura.png","width":1280,"height":396},{"@type":"BreadcrumbList","@id":"https:\/\/www.consorzioagrarioparma.it\/agricoltura\/agrofarmaci\/#breadcrumb","itemListElement":[{"@type":"ListItem","position":1,"name":"Home","item":"https:\/\/www.consorzioagrarioparma.it\/agricoltura\/"},{"@type":"ListItem","position":2,"name":"Agrofarmaci"}]},{"@type":"WebSite","@id":"https:\/\/www.consorzioagrarioparma.it\/agricoltura\/#website","url":"https:\/\/www.consorzioagrarioparma.it\/agricoltura\/","name":"Agricoltura","description":"","publisher":{"@id":"https:\/\/www.consorzioagrarioparma.it\/agricoltura\/#organization"},"potentialAction":[{"@type":"SearchAction","target":{"@type":"EntryPoint","urlTemplate":"https:\/\/www.consorzioagrarioparma.it\/agricoltura\/?s={search_term_string}"},"query-input":{"@type":"PropertyValueSpecification","valueRequired":true,"valueName":"search_term_string"}}],"inLanguage":"it-IT"},{"@type":"Organization","@id":"https:\/\/www.consorzioagrarioparma.it\/agricoltura\/#organization","name":"Agricoltura","url":"https:\/\/www.consorzioagrarioparma.it\/agricoltura\/","logo":{"@type":"ImageObject","inLanguage":"it-IT","@id":"https:\/\/www.consorzioagrarioparma.it\/agricoltura\/#\/schema\/logo\/image\/","url":"https:\/\/www.consorzioagrarioparma.it\/agricoltura\/wp-content\/uploads\/sites\/2\/2018\/09\/cropped-group-1885.png","contentUrl":"https:\/\/www.consorzioagrarioparma.it\/agricoltura\/wp-content\/uploads\/sites\/2\/2018\/09\/cropped-group-1885.png","width":250,"height":250,"caption":"Agricoltura"},"image":{"@id":"https:\/\/www.consorzioagrarioparma.it\/agricoltura\/#\/schema\/logo\/image\/"}}]}},"_links":{"self":[{"href":"https:\/\/www.consorzioagrarioparma.it\/agricoltura\/wp-json\/wp\/v2\/pages\/90","targetHints":{"allow":["GET"]}}],"collection":[{"href":"https:\/\/www.consorzioagrarioparma.it\/agricoltura\/wp-json\/wp\/v2\/pages"}],"about":[{"href":"https:\/\/www.consorzioagrarioparma.it\/agricoltura\/wp-json\/wp\/v2\/types\/page"}],"author":[{"embeddable":true,"href":"https:\/\/www.consorzioagrarioparma.it\/agricoltura\/wp-json\/wp\/v2\/users\/4"}],"replies":[{"embeddable":true,"href":"https:\/\/www.consorzioagrarioparma.it\/agricoltura\/wp-json\/wp\/v2\/comments?post=90"}],"version-history":[{"count":10,"href":"https:\/\/www.consorzioagrarioparma.it\/agricoltura\/wp-json\/wp\/v2\/pages\/90\/revisions"}],"predecessor-version":[{"id":334,"href":"https:\/\/www.consorzioagrarioparma.it\/agricoltura\/wp-json\/wp\/v2\/pages\/90\/revisions\/334"}],"wp:featuredmedia":[{"embeddable":true,"href":"https:\/\/www.consorzioagrarioparma.it\/agricoltura\/wp-json\/wp\/v2\/media\/91"}],"wp:attachment":[{"href":"https:\/\/www.consorzioagrarioparma.it\/agricoltura\/wp-json\/wp\/v2\/media?parent=90"}],"curies":[{"name":"wp","href":"https:\/\/api.w.org\/{rel}","templated":true}]}}