{"id":97,"date":"2018-09-03T13:11:33","date_gmt":"2018-09-03T11:11:33","guid":{"rendered":"https:\/\/www.consorzioagrarioparma.it\/agricoltura\/?page_id=97"},"modified":"2018-10-26T15:58:06","modified_gmt":"2018-10-26T13:58:06","slug":"sementi","status":"publish","type":"page","link":"https:\/\/www.consorzioagrarioparma.it\/agricoltura\/sementi\/","title":{"rendered":"Sementi"},"content":{"rendered":"<p>L&#8217;attivit\u00e0 sementiera consiste nel commercializzare sementi delle pi\u00f9 importanti ditte nazionali ed estere.<\/p>\n<p>Il nostro staff tecnico \u00e8 in grado di offrire linee guida sempre aggiornate per ottenere i migliori risultati agronomici.<\/p>\n<p>Per ci\u00f2 che riguarda il settore del biologico, abbiamo a disposizione una gamma completa di prodotti.<\/p>\n<p>Agroparma\u00a0commercializza cereali autunno vernini, mais, soia, sorgo e foraggere da sfalcio.<br \/>\nGrazie agli accordi con le principali aziende sementiere e alla costante ricerca coi campi prove, disponiamo di un\u2019ampia scala di ibridi e variet\u00e0 adatti al nostro ambiente.<\/p>\n<h4>I nostri principali partners<\/h4>\n<p><img loading=\"lazy\" decoding=\"async\" class=\"alignnone size-thumbnail wp-image-348\" src=\"https:\/\/www.consorzioagrarioparma.it\/agricoltura\/wp-content\/uploads\/sites\/2\/2018\/10\/sis-150x150.jpg\" alt=\"\" width=\"150\" height=\"150\" srcset=\"https:\/\/www.consorzioagrarioparma.it\/agricoltura\/wp-content\/uploads\/sites\/2\/2018\/10\/sis-150x150.jpg 150w, https:\/\/www.consorzioagrarioparma.it\/agricoltura\/wp-content\/uploads\/sites\/2\/2018\/10\/sis.jpg 300w\" sizes=\"auto, (max-width: 150px) 100vw, 150px\" \/><img loading=\"lazy\" decoding=\"async\" class=\"alignnone size-thumbnail wp-image-361\" src=\"https:\/\/www.consorzioagrarioparma.it\/agricoltura\/wp-content\/uploads\/sites\/2\/2018\/10\/Semetica-150x150.png\" alt=\"\" width=\"150\" height=\"150\" srcset=\"https:\/\/www.consorzioagrarioparma.it\/agricoltura\/wp-content\/uploads\/sites\/2\/2018\/10\/Semetica-150x150.png 150w, https:\/\/www.consorzioagrarioparma.it\/agricoltura\/wp-content\/uploads\/sites\/2\/2018\/10\/Semetica.png 300w\" sizes=\"auto, (max-width: 150px) 100vw, 150px\" \/><img loading=\"lazy\" decoding=\"async\" class=\"alignnone size-thumbnail wp-image-357\" src=\"https:\/\/www.consorzioagrarioparma.it\/agricoltura\/wp-content\/uploads\/sites\/2\/2018\/10\/manara-sementi-150x150.jpg\" alt=\"\" width=\"150\" height=\"150\" srcset=\"https:\/\/www.consorzioagrarioparma.it\/agricoltura\/wp-content\/uploads\/sites\/2\/2018\/10\/manara-sementi-150x150.jpg 150w, https:\/\/www.consorzioagrarioparma.it\/agricoltura\/wp-content\/uploads\/sites\/2\/2018\/10\/manara-sementi.jpg 300w\" sizes=\"auto, (max-width: 150px) 100vw, 150px\" \/><img loading=\"lazy\" decoding=\"async\" class=\"alignnone size-thumbnail wp-image-363\" src=\"https:\/\/www.consorzioagrarioparma.it\/agricoltura\/wp-content\/uploads\/sites\/2\/2018\/10\/semia-150x150.jpg\" alt=\"\" width=\"150\" height=\"150\" srcset=\"https:\/\/www.consorzioagrarioparma.it\/agricoltura\/wp-content\/uploads\/sites\/2\/2018\/10\/semia-150x150.jpg 150w, https:\/\/www.consorzioagrarioparma.it\/agricoltura\/wp-content\/uploads\/sites\/2\/2018\/10\/semia.jpg 300w\" sizes=\"auto, (max-width: 150px) 100vw, 150px\" \/><img loading=\"lazy\" decoding=\"async\" class=\"alignnone size-thumbnail wp-image-364\" src=\"https:\/\/www.consorzioagrarioparma.it\/agricoltura\/wp-content\/uploads\/sites\/2\/2018\/10\/psb-150x150.jpg\" alt=\"\" width=\"150\" height=\"150\" srcset=\"https:\/\/www.consorzioagrarioparma.it\/agricoltura\/wp-content\/uploads\/sites\/2\/2018\/10\/psb-150x150.jpg 150w, https:\/\/www.consorzioagrarioparma.it\/agricoltura\/wp-content\/uploads\/sites\/2\/2018\/10\/psb.jpg 300w\" sizes=\"auto, (max-width: 150px) 100vw, 150px\" \/><img loading=\"lazy\" decoding=\"async\" class=\"alignnone size-thumbnail wp-image-355\" src=\"https:\/\/www.consorzioagrarioparma.it\/agricoltura\/wp-content\/uploads\/sites\/2\/2018\/10\/lg-150x150.jpg\" alt=\"\" width=\"150\" height=\"150\" \/> <img loading=\"lazy\" decoding=\"async\" class=\"alignnone size-thumbnail wp-image-354\" src=\"https:\/\/www.consorzioagrarioparma.it\/agricoltura\/wp-content\/uploads\/sites\/2\/2018\/10\/KWS-150x150.jpg\" alt=\"\" width=\"150\" height=\"150\" srcset=\"https:\/\/www.consorzioagrarioparma.it\/agricoltura\/wp-content\/uploads\/sites\/2\/2018\/10\/KWS-150x150.jpg 150w, https:\/\/www.consorzioagrarioparma.it\/agricoltura\/wp-content\/uploads\/sites\/2\/2018\/10\/KWS-300x300.jpg 300w, https:\/\/www.consorzioagrarioparma.it\/agricoltura\/wp-content\/uploads\/sites\/2\/2018\/10\/KWS-768x768.jpg 768w, https:\/\/www.consorzioagrarioparma.it\/agricoltura\/wp-content\/uploads\/sites\/2\/2018\/10\/KWS-1024x1024.jpg 1024w, https:\/\/www.consorzioagrarioparma.it\/agricoltura\/wp-content\/uploads\/sites\/2\/2018\/10\/KWS-400x400.jpg 400w, https:\/\/www.consorzioagrarioparma.it\/agricoltura\/wp-content\/uploads\/sites\/2\/2018\/10\/KWS.jpg 1772w\" sizes=\"auto, (max-width: 150px) 100vw, 150px\" \/> <img loading=\"lazy\" decoding=\"async\" class=\"alignnone size-thumbnail wp-image-356\" src=\"https:\/\/www.consorzioagrarioparma.it\/agricoltura\/wp-content\/uploads\/sites\/2\/2018\/10\/logo_saatbau-150x150.jpg\" alt=\"\" width=\"150\" height=\"150\" srcset=\"https:\/\/www.consorzioagrarioparma.it\/agricoltura\/wp-content\/uploads\/sites\/2\/2018\/10\/logo_saatbau-150x150.jpg 150w, https:\/\/www.consorzioagrarioparma.it\/agricoltura\/wp-content\/uploads\/sites\/2\/2018\/10\/logo_saatbau.jpg 300w\" sizes=\"auto, (max-width: 150px) 100vw, 150px\" \/> <img loading=\"lazy\" decoding=\"async\" class=\"alignnone size-thumbnail wp-image-358\" src=\"https:\/\/www.consorzioagrarioparma.it\/agricoltura\/wp-content\/uploads\/sites\/2\/2018\/10\/Padana-150x150.jpg\" alt=\"\" width=\"150\" height=\"150\" srcset=\"https:\/\/www.consorzioagrarioparma.it\/agricoltura\/wp-content\/uploads\/sites\/2\/2018\/10\/Padana-150x150.jpg 150w, https:\/\/www.consorzioagrarioparma.it\/agricoltura\/wp-content\/uploads\/sites\/2\/2018\/10\/Padana.jpg 300w\" sizes=\"auto, (max-width: 150px) 100vw, 150px\" \/><img loading=\"lazy\" decoding=\"async\" class=\"alignnone size-thumbnail wp-image-353\" src=\"https:\/\/www.consorzioagrarioparma.it\/agricoltura\/wp-content\/uploads\/sites\/2\/2018\/10\/dekalb-150x150.jpg\" alt=\"\" width=\"150\" height=\"150\" srcset=\"https:\/\/www.consorzioagrarioparma.it\/agricoltura\/wp-content\/uploads\/sites\/2\/2018\/10\/dekalb-150x150.jpg 150w, https:\/\/www.consorzioagrarioparma.it\/agricoltura\/wp-content\/uploads\/sites\/2\/2018\/10\/dekalb.jpg 300w\" sizes=\"auto, (max-width: 150px) 100vw, 150px\" \/> <img loading=\"lazy\" decoding=\"async\" class=\"alignnone size-thumbnail wp-image-362\" src=\"https:\/\/www.consorzioagrarioparma.it\/agricoltura\/wp-content\/uploads\/sites\/2\/2018\/10\/Semfor_logo-150x150.jpg\" alt=\"\" width=\"150\" height=\"150\" srcset=\"https:\/\/www.consorzioagrarioparma.it\/agricoltura\/wp-content\/uploads\/sites\/2\/2018\/10\/Semfor_logo-150x150.jpg 150w, https:\/\/www.consorzioagrarioparma.it\/agricoltura\/wp-content\/uploads\/sites\/2\/2018\/10\/Semfor_logo.jpg 300w\" sizes=\"auto, (max-width: 150px) 100vw, 150px\" \/> <img loading=\"lazy\" decoding=\"async\" class=\"alignnone size-thumbnail wp-image-359\" src=\"https:\/\/www.consorzioagrarioparma.it\/agricoltura\/wp-content\/uploads\/sites\/2\/2018\/10\/pioneer-150x150.png\" alt=\"\" width=\"150\" height=\"150\" srcset=\"https:\/\/www.consorzioagrarioparma.it\/agricoltura\/wp-content\/uploads\/sites\/2\/2018\/10\/pioneer-150x150.png 150w, https:\/\/www.consorzioagrarioparma.it\/agricoltura\/wp-content\/uploads\/sites\/2\/2018\/10\/pioneer.png 300w\" sizes=\"auto, (max-width: 150px) 100vw, 150px\" \/><img loading=\"lazy\" decoding=\"async\" class=\"alignnone size-thumbnail wp-image-352\" src=\"https:\/\/www.consorzioagrarioparma.it\/agricoltura\/wp-content\/uploads\/sites\/2\/2018\/10\/CONTINENTAL-150x150.png\" alt=\"\" width=\"150\" height=\"150\" srcset=\"https:\/\/www.consorzioagrarioparma.it\/agricoltura\/wp-content\/uploads\/sites\/2\/2018\/10\/CONTINENTAL-150x150.png 150w, https:\/\/www.consorzioagrarioparma.it\/agricoltura\/wp-content\/uploads\/sites\/2\/2018\/10\/CONTINENTAL.png 300w\" sizes=\"auto, (max-width: 150px) 100vw, 150px\" \/> \u00a0<img loading=\"lazy\" decoding=\"async\" class=\"alignnone size-thumbnail wp-image-351\" src=\"https:\/\/www.consorzioagrarioparma.it\/agricoltura\/wp-content\/uploads\/sites\/2\/2018\/10\/caussade-150x150.jpg\" alt=\"\" width=\"150\" height=\"150\" srcset=\"https:\/\/www.consorzioagrarioparma.it\/agricoltura\/wp-content\/uploads\/sites\/2\/2018\/10\/caussade-150x150.jpg 150w, https:\/\/www.consorzioagrarioparma.it\/agricoltura\/wp-content\/uploads\/sites\/2\/2018\/10\/caussade.jpg 300w\" sizes=\"auto, (max-width: 150px) 100vw, 150px\" \/> <img loading=\"lazy\" decoding=\"async\" class=\"alignnone size-thumbnail wp-image-350\" src=\"https:\/\/www.consorzioagrarioparma.it\/agricoltura\/wp-content\/uploads\/sites\/2\/2018\/10\/veneto-sementi-150x150.jpg\" alt=\"\" width=\"150\" height=\"150\" srcset=\"https:\/\/www.consorzioagrarioparma.it\/agricoltura\/wp-content\/uploads\/sites\/2\/2018\/10\/veneto-sementi-150x150.jpg 150w, https:\/\/www.consorzioagrarioparma.it\/agricoltura\/wp-content\/uploads\/sites\/2\/2018\/10\/veneto-sementi.jpg 300w\" sizes=\"auto, (max-width: 150px) 100vw, 150px\" \/> <img loading=\"lazy\" decoding=\"async\" class=\"alignnone size-thumbnail wp-image-349\" src=\"https:\/\/www.consorzioagrarioparma.it\/agricoltura\/wp-content\/uploads\/sites\/2\/2018\/10\/syngenta-seed-150x150.jpg\" alt=\"\" width=\"150\" height=\"150\" srcset=\"https:\/\/www.consorzioagrarioparma.it\/agricoltura\/wp-content\/uploads\/sites\/2\/2018\/10\/syngenta-seed-150x150.jpg 150w, https:\/\/www.consorzioagrarioparma.it\/agricoltura\/wp-content\/uploads\/sites\/2\/2018\/10\/syngenta-seed.jpg 300w\" sizes=\"auto, (max-width: 150px) 100vw, 150px\" \/><\/p>\n<p>&nbsp;<\/p>\n","protected":false},"excerpt":{"rendered":"<p>L&#8217;attivit\u00e0 sementiera consiste nel commercializzare sementi delle pi\u00f9 importanti ditte nazionali ed estere. Il nostro staff tecnico \u00e8 in grado di offrire linee guida sempre aggiornate per ottenere i migliori risultati agronomici. Per ci\u00f2 che riguarda il settore del biologico, abbiamo a disposizione una gamma completa di prodotti. Agroparma\u00a0commercializza cereali autunno vernini, mais, soia, sorgo [&hellip;]<\/p>\n","protected":false},"author":4,"featured_media":367,"parent":0,"menu_order":0,"comment_status":"closed","ping_status":"closed","template":"page-templates\/servizio.php","meta":{"_acf_changed":false,"footnotes":""},"class_list":["post-97","page","type-page","status-publish","has-post-thumbnail","hentry"],"acf":[],"yoast_head":"<!-- This site is optimized with the Yoast SEO plugin v27.4 - https:\/\/yoast.com\/product\/yoast-seo-wordpress\/ -->\n<title>Sementi - Agricoltura<\/title>\n<meta name=\"description\" content=\"Sementi di qualit\u00e0 per il territorio. Sementi di cereali a paglia, mais, erba medica, sorgo, miscugli foraggeri, patate e orticole.\" \/>\n<meta name=\"robots\" content=\"index, follow, max-snippet:-1, max-image-preview:large, max-video-preview:-1\" \/>\n<link rel=\"canonical\" href=\"https:\/\/www.consorzioagrarioparma.it\/agricoltura\/sementi\/\" \/>\n<meta property=\"og:locale\" content=\"it_IT\" \/>\n<meta property=\"og:type\" content=\"article\" \/>\n<meta property=\"og:title\" content=\"Sementi - Agricoltura\" \/>\n<meta property=\"og:description\" content=\"Sementi di qualit\u00e0 per il territorio. Sementi di cereali a paglia, mais, erba medica, sorgo, miscugli foraggeri, patate e orticole.\" \/>\n<meta property=\"og:url\" content=\"https:\/\/www.consorzioagrarioparma.it\/agricoltura\/sementi\/\" \/>\n<meta property=\"og:site_name\" content=\"Agricoltura\" \/>\n<meta property=\"article:modified_time\" content=\"2018-10-26T13:58:06+00:00\" \/>\n<meta property=\"og:image\" content=\"https:\/\/www.consorzioagrarioparma.it\/agricoltura\/wp-content\/uploads\/sites\/2\/2018\/10\/DSC_4593_1289x396.jpg\" \/>\n\t<meta property=\"og:image:width\" content=\"1280\" \/>\n\t<meta property=\"og:image:height\" content=\"396\" \/>\n\t<meta property=\"og:image:type\" content=\"image\/jpeg\" \/>\n<meta name=\"twitter:card\" content=\"summary_large_image\" \/>\n<script type=\"application\/ld+json\" class=\"yoast-schema-graph\">{\"@context\":\"https:\\\/\\\/schema.org\",\"@graph\":[{\"@type\":\"WebPage\",\"@id\":\"https:\\\/\\\/www.consorzioagrarioparma.it\\\/agricoltura\\\/sementi\\\/\",\"url\":\"https:\\\/\\\/www.consorzioagrarioparma.it\\\/agricoltura\\\/sementi\\\/\",\"name\":\"Sementi - Agricoltura\",\"isPartOf\":{\"@id\":\"https:\\\/\\\/www.consorzioagrarioparma.it\\\/agricoltura\\\/#website\"},\"primaryImageOfPage\":{\"@id\":\"https:\\\/\\\/www.consorzioagrarioparma.it\\\/agricoltura\\\/sementi\\\/#primaryimage\"},\"image\":{\"@id\":\"https:\\\/\\\/www.consorzioagrarioparma.it\\\/agricoltura\\\/sementi\\\/#primaryimage\"},\"thumbnailUrl\":\"https:\\\/\\\/www.consorzioagrarioparma.it\\\/agricoltura\\\/wp-content\\\/uploads\\\/sites\\\/2\\\/2018\\\/10\\\/DSC_4593_1289x396.jpg\",\"datePublished\":\"2018-09-03T11:11:33+00:00\",\"dateModified\":\"2018-10-26T13:58:06+00:00\",\"description\":\"Sementi di qualit\u00e0 per il territorio. Sementi di cereali a paglia, mais, erba medica, sorgo, miscugli foraggeri, patate e orticole.\",\"breadcrumb\":{\"@id\":\"https:\\\/\\\/www.consorzioagrarioparma.it\\\/agricoltura\\\/sementi\\\/#breadcrumb\"},\"inLanguage\":\"it-IT\",\"potentialAction\":[{\"@type\":\"ReadAction\",\"target\":[\"https:\\\/\\\/www.consorzioagrarioparma.it\\\/agricoltura\\\/sementi\\\/\"]}]},{\"@type\":\"ImageObject\",\"inLanguage\":\"it-IT\",\"@id\":\"https:\\\/\\\/www.consorzioagrarioparma.it\\\/agricoltura\\\/sementi\\\/#primaryimage\",\"url\":\"https:\\\/\\\/www.consorzioagrarioparma.it\\\/agricoltura\\\/wp-content\\\/uploads\\\/sites\\\/2\\\/2018\\\/10\\\/DSC_4593_1289x396.jpg\",\"contentUrl\":\"https:\\\/\\\/www.consorzioagrarioparma.it\\\/agricoltura\\\/wp-content\\\/uploads\\\/sites\\\/2\\\/2018\\\/10\\\/DSC_4593_1289x396.jpg\",\"width\":1280,\"height\":396},{\"@type\":\"BreadcrumbList\",\"@id\":\"https:\\\/\\\/www.consorzioagrarioparma.it\\\/agricoltura\\\/sementi\\\/#breadcrumb\",\"itemListElement\":[{\"@type\":\"ListItem\",\"position\":1,\"name\":\"Home\",\"item\":\"https:\\\/\\\/www.consorzioagrarioparma.it\\\/agricoltura\\\/\"},{\"@type\":\"ListItem\",\"position\":2,\"name\":\"Sementi\"}]},{\"@type\":\"WebSite\",\"@id\":\"https:\\\/\\\/www.consorzioagrarioparma.it\\\/agricoltura\\\/#website\",\"url\":\"https:\\\/\\\/www.consorzioagrarioparma.it\\\/agricoltura\\\/\",\"name\":\"Agricoltura\",\"description\":\"\",\"publisher\":{\"@id\":\"https:\\\/\\\/www.consorzioagrarioparma.it\\\/agricoltura\\\/#organization\"},\"potentialAction\":[{\"@type\":\"SearchAction\",\"target\":{\"@type\":\"EntryPoint\",\"urlTemplate\":\"https:\\\/\\\/www.consorzioagrarioparma.it\\\/agricoltura\\\/?s={search_term_string}\"},\"query-input\":{\"@type\":\"PropertyValueSpecification\",\"valueRequired\":true,\"valueName\":\"search_term_string\"}}],\"inLanguage\":\"it-IT\"},{\"@type\":\"Organization\",\"@id\":\"https:\\\/\\\/www.consorzioagrarioparma.it\\\/agricoltura\\\/#organization\",\"name\":\"Agricoltura\",\"url\":\"https:\\\/\\\/www.consorzioagrarioparma.it\\\/agricoltura\\\/\",\"logo\":{\"@type\":\"ImageObject\",\"inLanguage\":\"it-IT\",\"@id\":\"https:\\\/\\\/www.consorzioagrarioparma.it\\\/agricoltura\\\/#\\\/schema\\\/logo\\\/image\\\/\",\"url\":\"https:\\\/\\\/www.consorzioagrarioparma.it\\\/agricoltura\\\/wp-content\\\/uploads\\\/sites\\\/2\\\/2018\\\/09\\\/cropped-group-1885.png\",\"contentUrl\":\"https:\\\/\\\/www.consorzioagrarioparma.it\\\/agricoltura\\\/wp-content\\\/uploads\\\/sites\\\/2\\\/2018\\\/09\\\/cropped-group-1885.png\",\"width\":250,\"height\":250,\"caption\":\"Agricoltura\"},\"image\":{\"@id\":\"https:\\\/\\\/www.consorzioagrarioparma.it\\\/agricoltura\\\/#\\\/schema\\\/logo\\\/image\\\/\"}}]}<\/script>\n<!-- \/ Yoast SEO plugin. -->","yoast_head_json":{"title":"Sementi - Agricoltura","description":"Sementi di qualit\u00e0 per il territorio. Sementi di cereali a paglia, mais, erba medica, sorgo, miscugli foraggeri, patate e orticole.","robots":{"index":"index","follow":"follow","max-snippet":"max-snippet:-1","max-image-preview":"max-image-preview:large","max-video-preview":"max-video-preview:-1"},"canonical":"https:\/\/www.consorzioagrarioparma.it\/agricoltura\/sementi\/","og_locale":"it_IT","og_type":"article","og_title":"Sementi - Agricoltura","og_description":"Sementi di qualit\u00e0 per il territorio. Sementi di cereali a paglia, mais, erba medica, sorgo, miscugli foraggeri, patate e orticole.","og_url":"https:\/\/www.consorzioagrarioparma.it\/agricoltura\/sementi\/","og_site_name":"Agricoltura","article_modified_time":"2018-10-26T13:58:06+00:00","og_image":[{"width":1280,"height":396,"url":"https:\/\/www.consorzioagrarioparma.it\/agricoltura\/wp-content\/uploads\/sites\/2\/2018\/10\/DSC_4593_1289x396.jpg","type":"image\/jpeg"}],"twitter_card":"summary_large_image","schema":{"@context":"https:\/\/schema.org","@graph":[{"@type":"WebPage","@id":"https:\/\/www.consorzioagrarioparma.it\/agricoltura\/sementi\/","url":"https:\/\/www.consorzioagrarioparma.it\/agricoltura\/sementi\/","name":"Sementi - Agricoltura","isPartOf":{"@id":"https:\/\/www.consorzioagrarioparma.it\/agricoltura\/#website"},"primaryImageOfPage":{"@id":"https:\/\/www.consorzioagrarioparma.it\/agricoltura\/sementi\/#primaryimage"},"image":{"@id":"https:\/\/www.consorzioagrarioparma.it\/agricoltura\/sementi\/#primaryimage"},"thumbnailUrl":"https:\/\/www.consorzioagrarioparma.it\/agricoltura\/wp-content\/uploads\/sites\/2\/2018\/10\/DSC_4593_1289x396.jpg","datePublished":"2018-09-03T11:11:33+00:00","dateModified":"2018-10-26T13:58:06+00:00","description":"Sementi di qualit\u00e0 per il territorio. Sementi di cereali a paglia, mais, erba medica, sorgo, miscugli foraggeri, patate e orticole.","breadcrumb":{"@id":"https:\/\/www.consorzioagrarioparma.it\/agricoltura\/sementi\/#breadcrumb"},"inLanguage":"it-IT","potentialAction":[{"@type":"ReadAction","target":["https:\/\/www.consorzioagrarioparma.it\/agricoltura\/sementi\/"]}]},{"@type":"ImageObject","inLanguage":"it-IT","@id":"https:\/\/www.consorzioagrarioparma.it\/agricoltura\/sementi\/#primaryimage","url":"https:\/\/www.consorzioagrarioparma.it\/agricoltura\/wp-content\/uploads\/sites\/2\/2018\/10\/DSC_4593_1289x396.jpg","contentUrl":"https:\/\/www.consorzioagrarioparma.it\/agricoltura\/wp-content\/uploads\/sites\/2\/2018\/10\/DSC_4593_1289x396.jpg","width":1280,"height":396},{"@type":"BreadcrumbList","@id":"https:\/\/www.consorzioagrarioparma.it\/agricoltura\/sementi\/#breadcrumb","itemListElement":[{"@type":"ListItem","position":1,"name":"Home","item":"https:\/\/www.consorzioagrarioparma.it\/agricoltura\/"},{"@type":"ListItem","position":2,"name":"Sementi"}]},{"@type":"WebSite","@id":"https:\/\/www.consorzioagrarioparma.it\/agricoltura\/#website","url":"https:\/\/www.consorzioagrarioparma.it\/agricoltura\/","name":"Agricoltura","description":"","publisher":{"@id":"https:\/\/www.consorzioagrarioparma.it\/agricoltura\/#organization"},"potentialAction":[{"@type":"SearchAction","target":{"@type":"EntryPoint","urlTemplate":"https:\/\/www.consorzioagrarioparma.it\/agricoltura\/?s={search_term_string}"},"query-input":{"@type":"PropertyValueSpecification","valueRequired":true,"valueName":"search_term_string"}}],"inLanguage":"it-IT"},{"@type":"Organization","@id":"https:\/\/www.consorzioagrarioparma.it\/agricoltura\/#organization","name":"Agricoltura","url":"https:\/\/www.consorzioagrarioparma.it\/agricoltura\/","logo":{"@type":"ImageObject","inLanguage":"it-IT","@id":"https:\/\/www.consorzioagrarioparma.it\/agricoltura\/#\/schema\/logo\/image\/","url":"https:\/\/www.consorzioagrarioparma.it\/agricoltura\/wp-content\/uploads\/sites\/2\/2018\/09\/cropped-group-1885.png","contentUrl":"https:\/\/www.consorzioagrarioparma.it\/agricoltura\/wp-content\/uploads\/sites\/2\/2018\/09\/cropped-group-1885.png","width":250,"height":250,"caption":"Agricoltura"},"image":{"@id":"https:\/\/www.consorzioagrarioparma.it\/agricoltura\/#\/schema\/logo\/image\/"}}]}},"_links":{"self":[{"href":"https:\/\/www.consorzioagrarioparma.it\/agricoltura\/wp-json\/wp\/v2\/pages\/97","targetHints":{"allow":["GET"]}}],"collection":[{"href":"https:\/\/www.consorzioagrarioparma.it\/agricoltura\/wp-json\/wp\/v2\/pages"}],"about":[{"href":"https:\/\/www.consorzioagrarioparma.it\/agricoltura\/wp-json\/wp\/v2\/types\/page"}],"author":[{"embeddable":true,"href":"https:\/\/www.consorzioagrarioparma.it\/agricoltura\/wp-json\/wp\/v2\/users\/4"}],"replies":[{"embeddable":true,"href":"https:\/\/www.consorzioagrarioparma.it\/agricoltura\/wp-json\/wp\/v2\/comments?post=97"}],"version-history":[{"count":14,"href":"https:\/\/www.consorzioagrarioparma.it\/agricoltura\/wp-json\/wp\/v2\/pages\/97\/revisions"}],"predecessor-version":[{"id":369,"href":"https:\/\/www.consorzioagrarioparma.it\/agricoltura\/wp-json\/wp\/v2\/pages\/97\/revisions\/369"}],"wp:featuredmedia":[{"embeddable":true,"href":"https:\/\/www.consorzioagrarioparma.it\/agricoltura\/wp-json\/wp\/v2\/media\/367"}],"wp:attachment":[{"href":"https:\/\/www.consorzioagrarioparma.it\/agricoltura\/wp-json\/wp\/v2\/media?parent=97"}],"curies":[{"name":"wp","href":"https:\/\/api.w.org\/{rel}","templated":true}]}}