{"id":97,"date":"2018-09-04T11:19:58","date_gmt":"2018-09-04T09:19:58","guid":{"rendered":"https:\/\/www.consorzioagrarioparma.it\/prodotti-alimentari\/?page_id=97"},"modified":"2024-11-28T15:52:00","modified_gmt":"2024-11-28T14:52:00","slug":"confezioni-regalo","status":"publish","type":"page","link":"https:\/\/www.consorzioagrarioparma.it\/prodotti-alimentari\/confezioni-regalo\/","title":{"rendered":"Confezioni Regalo"},"content":{"rendered":"<p>Il regalo \u00e8 stato, fin dai tempi pi\u00f9 antichi, un mezzo per comunicare e per esprimere stati d&#8217;animo e sentimenti. Regalare i prodotti del Consorzio Agrario di Parma significa cura nella qualit\u00e0, rispetto della natura e dell&#8217;ambiente, ricerca di genuinit\u00e0 e di quei vecchi ed indimenticabili sapori e profumi che oggi sono cos\u00ec spesso trascurati. Il regalo di pro\u00addotti alimentari incontrer\u00e0 sempre il riconoscimento e la gratitudine di chi li riceve.ll regalo \u00e8 stato, fin dai tempi pi\u00f9 antichi, un mezzo per comunicare e per esprimere stati d&#8217;animo e sentimenti. Regalare i prodotti del Consorzio Agrario di Parma significa cura nella qualit\u00e0, rispetto della natura e dell&#8217;ambiente, ricerca di genuinit\u00e0 e di quei vecchi ed indimenticabili sapori e profumi che oggi sono cos\u00ec spesso trascurati.Il regalo di pro\u00addotti alimentari incontrer\u00e0 sempre il riconoscimento e la gratitudine di chi li riceve.<br \/>\nI prodotti possono essere forniti in eleganti contenitori litografati di cartone, con una particolare nota per l&#8217;ottagono di Parma, raffigurante il Battistero.<\/p>\n<p>Per una migliore con\u00adservazione durante il trasporto tutte le confezioni sono inserite in appositi materiali protettivi che ne garantiscono l&#8217;integrit\u00e0 fino all&#8217;arrivo a destinazione. Le confezioni regalo del Consorzio Agrario di Parma sono una splendida occasione per distinguersi con un regalo elegante e di buon gusto.<br \/>\nLe confezioni regalo del Consorzio Agrario di Parma racchiudono i prodotti pi\u00f9 preziosi dell&#8217;autentica tradizione gastronomica parmigiana.<br \/>\nI prodotti possono essere forniti in eleganti contenitori litografati di cartone, con una particolare nota per l&#8217;ottagono di Parma, raffigurante il Battistero.<\/p>\n<p>Per una migliore con\u00adservazione durante il trasporto\u00a0 tutte le confezioni sono inserite in appositi materiali protettivi che ne garantiscono l&#8217;integrit\u00e0 fino all&#8217;arrivo a destinazione. Le confezioni regalo del Consorzio Agrario di Parma sono una splendida occasione per distinguersi con un regalo elegante e di buon gusto.<br \/>\nLe confezioni regalo del Consorzio Agrario di Parma racchiudono i prodotti pi\u00f9 preziosi dell&#8217;autentica tradizione gastronomica parmigiana.<\/p>\n<p>Quest&#8217;anno il Consorzio Agrario di Parma propone quattro diverse tipologie di confezioni:<br \/>\n&#8211; Preludio<br \/>\n&#8211; Rapsodia<br \/>\n&#8211; Ensemble<br \/>\n&#8211; Epilogo<\/p>\n<p>Per ulteriori info contattaci ai seguenti recapiti:<br \/>\nTel. 0521\/928287<\/p>\n<p>Fax 0521\/928443<br \/>\n<a href=\"mailto:passeri.j@consorzioagrarioparma.it\">passeri.j@consorzioagrarioparma.it<\/a><\/p>\n<figure id=\"attachment_136\" aria-describedby=\"caption-attachment-136\" style=\"width: 300px\" class=\"wp-caption alignnone\"><img loading=\"lazy\" decoding=\"async\" class=\"size-medium wp-image-136\" src=\"https:\/\/www.consorzioagrarioparma.it\/prodotti-alimentari\/wp-content\/uploads\/sites\/7\/2018\/12\/preludiosito-300x225.jpg\" alt=\"\" width=\"300\" height=\"225\" srcset=\"https:\/\/www.consorzioagrarioparma.it\/prodotti-alimentari\/wp-content\/uploads\/sites\/7\/2018\/12\/preludiosito-300x225.jpg 300w, https:\/\/www.consorzioagrarioparma.it\/prodotti-alimentari\/wp-content\/uploads\/sites\/7\/2018\/12\/preludiosito.jpg 512w\" sizes=\"auto, (max-width: 300px) 100vw, 300px\" \/><figcaption id=\"caption-attachment-136\" class=\"wp-caption-text\">PRELUDIO<\/figcaption><\/figure>\n<figure id=\"attachment_138\" aria-describedby=\"caption-attachment-138\" style=\"width: 300px\" class=\"wp-caption alignnone\"><img loading=\"lazy\" decoding=\"async\" class=\"size-medium wp-image-138\" src=\"https:\/\/www.consorzioagrarioparma.it\/prodotti-alimentari\/wp-content\/uploads\/sites\/7\/2018\/12\/rapsodiasito1-300x225.jpg\" alt=\"\" width=\"300\" height=\"225\" srcset=\"https:\/\/www.consorzioagrarioparma.it\/prodotti-alimentari\/wp-content\/uploads\/sites\/7\/2018\/12\/rapsodiasito1-300x225.jpg 300w, https:\/\/www.consorzioagrarioparma.it\/prodotti-alimentari\/wp-content\/uploads\/sites\/7\/2018\/12\/rapsodiasito1.jpg 512w\" sizes=\"auto, (max-width: 300px) 100vw, 300px\" \/><figcaption id=\"caption-attachment-138\" class=\"wp-caption-text\">RAPSODIA<\/figcaption><\/figure>\n<figure id=\"attachment_132\" aria-describedby=\"caption-attachment-132\" style=\"width: 300px\" class=\"wp-caption alignnone\"><img loading=\"lazy\" decoding=\"async\" class=\"size-medium wp-image-132\" src=\"https:\/\/www.consorzioagrarioparma.it\/prodotti-alimentari\/wp-content\/uploads\/sites\/7\/2018\/12\/ensemblesito-300x225.jpg\" alt=\"\" width=\"300\" height=\"225\" srcset=\"https:\/\/www.consorzioagrarioparma.it\/prodotti-alimentari\/wp-content\/uploads\/sites\/7\/2018\/12\/ensemblesito-300x225.jpg 300w, https:\/\/www.consorzioagrarioparma.it\/prodotti-alimentari\/wp-content\/uploads\/sites\/7\/2018\/12\/ensemblesito.jpg 512w\" sizes=\"auto, (max-width: 300px) 100vw, 300px\" \/><figcaption id=\"caption-attachment-132\" class=\"wp-caption-text\">ENSEMBLE<\/figcaption><\/figure>\n<figure id=\"attachment_135\" aria-describedby=\"caption-attachment-135\" style=\"width: 300px\" class=\"wp-caption alignnone\"><img loading=\"lazy\" decoding=\"async\" class=\"size-medium wp-image-135\" src=\"https:\/\/www.consorzioagrarioparma.it\/prodotti-alimentari\/wp-content\/uploads\/sites\/7\/2018\/12\/epilogosito-300x225.jpg\" alt=\"\" width=\"300\" height=\"225\" srcset=\"https:\/\/www.consorzioagrarioparma.it\/prodotti-alimentari\/wp-content\/uploads\/sites\/7\/2018\/12\/epilogosito-300x225.jpg 300w, https:\/\/www.consorzioagrarioparma.it\/prodotti-alimentari\/wp-content\/uploads\/sites\/7\/2018\/12\/epilogosito.jpg 512w\" sizes=\"auto, (max-width: 300px) 100vw, 300px\" \/><figcaption id=\"caption-attachment-135\" class=\"wp-caption-text\">EPILOGO<\/figcaption><\/figure>\n","protected":false},"excerpt":{"rendered":"<p>Il regalo \u00e8 stato, fin dai tempi pi\u00f9 antichi, un mezzo per comunicare e per esprimere stati d&#8217;animo e sentimenti. Regalare i prodotti del Consorzio Agrario di Parma significa cura nella qualit\u00e0, rispetto della natura e dell&#8217;ambiente, ricerca di genuinit\u00e0 e di quei vecchi ed indimenticabili sapori e profumi che oggi sono cos\u00ec spesso trascurati. [&hellip;]<\/p>\n","protected":false},"author":4,"featured_media":63,"parent":0,"menu_order":0,"comment_status":"closed","ping_status":"closed","template":"page-templates\/servizio.php","meta":{"_acf_changed":false,"footnotes":""},"class_list":["post-97","page","type-page","status-publish","has-post-thumbnail","hentry"],"acf":[],"yoast_head":"<!-- This site is optimized with the Yoast SEO plugin v27.4 - https:\/\/yoast.com\/product\/yoast-seo-wordpress\/ -->\n<title>Confezioni Regalo - Prodotti alimentari<\/title>\n<meta name=\"robots\" content=\"index, follow, max-snippet:-1, max-image-preview:large, max-video-preview:-1\" \/>\n<link rel=\"canonical\" href=\"https:\/\/www.consorzioagrarioparma.it\/prodotti-alimentari\/confezioni-regalo\/\" \/>\n<meta property=\"og:locale\" content=\"it_IT\" \/>\n<meta property=\"og:type\" content=\"article\" \/>\n<meta property=\"og:title\" content=\"Confezioni Regalo - Prodotti alimentari\" \/>\n<meta property=\"og:description\" content=\"Il regalo \u00e8 stato, fin dai tempi pi\u00f9 antichi, un mezzo per comunicare e per esprimere stati d&#8217;animo e sentimenti. Regalare i prodotti del Consorzio Agrario di Parma significa cura nella qualit\u00e0, rispetto della natura e dell&#8217;ambiente, ricerca di genuinit\u00e0 e di quei vecchi ed indimenticabili sapori e profumi che oggi sono cos\u00ec spesso trascurati. [&hellip;]\" \/>\n<meta property=\"og:url\" content=\"https:\/\/www.consorzioagrarioparma.it\/prodotti-alimentari\/confezioni-regalo\/\" \/>\n<meta property=\"og:site_name\" content=\"Prodotti alimentari\" \/>\n<meta property=\"article:modified_time\" content=\"2024-11-28T14:52:00+00:00\" \/>\n<meta property=\"og:image\" content=\"https:\/\/www.consorzioagrarioparma.it\/prodotti-alimentari\/wp-content\/uploads\/sites\/7\/2018\/09\/Mask-Group-220.png\" \/>\n\t<meta property=\"og:image:width\" content=\"1280\" \/>\n\t<meta property=\"og:image:height\" content=\"396\" \/>\n\t<meta property=\"og:image:type\" content=\"image\/png\" \/>\n<meta name=\"twitter:card\" content=\"summary_large_image\" \/>\n<meta name=\"twitter:label1\" content=\"Tempo di lettura stimato\" \/>\n\t<meta name=\"twitter:data1\" content=\"3 minuti\" \/>\n<script type=\"application\/ld+json\" class=\"yoast-schema-graph\">{\"@context\":\"https:\\\/\\\/schema.org\",\"@graph\":[{\"@type\":\"WebPage\",\"@id\":\"https:\\\/\\\/www.consorzioagrarioparma.it\\\/prodotti-alimentari\\\/confezioni-regalo\\\/\",\"url\":\"https:\\\/\\\/www.consorzioagrarioparma.it\\\/prodotti-alimentari\\\/confezioni-regalo\\\/\",\"name\":\"Confezioni Regalo - Prodotti alimentari\",\"isPartOf\":{\"@id\":\"https:\\\/\\\/www.consorzioagrarioparma.it\\\/prodotti-alimentari\\\/#website\"},\"primaryImageOfPage\":{\"@id\":\"https:\\\/\\\/www.consorzioagrarioparma.it\\\/prodotti-alimentari\\\/confezioni-regalo\\\/#primaryimage\"},\"image\":{\"@id\":\"https:\\\/\\\/www.consorzioagrarioparma.it\\\/prodotti-alimentari\\\/confezioni-regalo\\\/#primaryimage\"},\"thumbnailUrl\":\"https:\\\/\\\/www.consorzioagrarioparma.it\\\/prodotti-alimentari\\\/wp-content\\\/uploads\\\/sites\\\/7\\\/2018\\\/09\\\/Mask-Group-220.png\",\"datePublished\":\"2018-09-04T09:19:58+00:00\",\"dateModified\":\"2024-11-28T14:52:00+00:00\",\"breadcrumb\":{\"@id\":\"https:\\\/\\\/www.consorzioagrarioparma.it\\\/prodotti-alimentari\\\/confezioni-regalo\\\/#breadcrumb\"},\"inLanguage\":\"it-IT\",\"potentialAction\":[{\"@type\":\"ReadAction\",\"target\":[\"https:\\\/\\\/www.consorzioagrarioparma.it\\\/prodotti-alimentari\\\/confezioni-regalo\\\/\"]}]},{\"@type\":\"ImageObject\",\"inLanguage\":\"it-IT\",\"@id\":\"https:\\\/\\\/www.consorzioagrarioparma.it\\\/prodotti-alimentari\\\/confezioni-regalo\\\/#primaryimage\",\"url\":\"https:\\\/\\\/www.consorzioagrarioparma.it\\\/prodotti-alimentari\\\/wp-content\\\/uploads\\\/sites\\\/7\\\/2018\\\/09\\\/Mask-Group-220.png\",\"contentUrl\":\"https:\\\/\\\/www.consorzioagrarioparma.it\\\/prodotti-alimentari\\\/wp-content\\\/uploads\\\/sites\\\/7\\\/2018\\\/09\\\/Mask-Group-220.png\",\"width\":1280,\"height\":396},{\"@type\":\"BreadcrumbList\",\"@id\":\"https:\\\/\\\/www.consorzioagrarioparma.it\\\/prodotti-alimentari\\\/confezioni-regalo\\\/#breadcrumb\",\"itemListElement\":[{\"@type\":\"ListItem\",\"position\":1,\"name\":\"Home\",\"item\":\"https:\\\/\\\/www.consorzioagrarioparma.it\\\/prodotti-alimentari\\\/\"},{\"@type\":\"ListItem\",\"position\":2,\"name\":\"Confezioni Regalo\"}]},{\"@type\":\"WebSite\",\"@id\":\"https:\\\/\\\/www.consorzioagrarioparma.it\\\/prodotti-alimentari\\\/#website\",\"url\":\"https:\\\/\\\/www.consorzioagrarioparma.it\\\/prodotti-alimentari\\\/\",\"name\":\"Prodotti alimentari\",\"description\":\"\",\"publisher\":{\"@id\":\"https:\\\/\\\/www.consorzioagrarioparma.it\\\/prodotti-alimentari\\\/#organization\"},\"potentialAction\":[{\"@type\":\"SearchAction\",\"target\":{\"@type\":\"EntryPoint\",\"urlTemplate\":\"https:\\\/\\\/www.consorzioagrarioparma.it\\\/prodotti-alimentari\\\/?s={search_term_string}\"},\"query-input\":{\"@type\":\"PropertyValueSpecification\",\"valueRequired\":true,\"valueName\":\"search_term_string\"}}],\"inLanguage\":\"it-IT\"},{\"@type\":\"Organization\",\"@id\":\"https:\\\/\\\/www.consorzioagrarioparma.it\\\/prodotti-alimentari\\\/#organization\",\"name\":\"Prodotti alimentari\",\"url\":\"https:\\\/\\\/www.consorzioagrarioparma.it\\\/prodotti-alimentari\\\/\",\"logo\":{\"@type\":\"ImageObject\",\"inLanguage\":\"it-IT\",\"@id\":\"https:\\\/\\\/www.consorzioagrarioparma.it\\\/prodotti-alimentari\\\/#\\\/schema\\\/logo\\\/image\\\/\",\"url\":\"https:\\\/\\\/www.consorzioagrarioparma.it\\\/prodotti-alimentari\\\/wp-content\\\/uploads\\\/sites\\\/7\\\/2018\\\/09\\\/cropped-group-1887.png\",\"contentUrl\":\"https:\\\/\\\/www.consorzioagrarioparma.it\\\/prodotti-alimentari\\\/wp-content\\\/uploads\\\/sites\\\/7\\\/2018\\\/09\\\/cropped-group-1887.png\",\"width\":250,\"height\":250,\"caption\":\"Prodotti alimentari\"},\"image\":{\"@id\":\"https:\\\/\\\/www.consorzioagrarioparma.it\\\/prodotti-alimentari\\\/#\\\/schema\\\/logo\\\/image\\\/\"}}]}<\/script>\n<!-- \/ Yoast SEO plugin. -->","yoast_head_json":{"title":"Confezioni Regalo - Prodotti alimentari","robots":{"index":"index","follow":"follow","max-snippet":"max-snippet:-1","max-image-preview":"max-image-preview:large","max-video-preview":"max-video-preview:-1"},"canonical":"https:\/\/www.consorzioagrarioparma.it\/prodotti-alimentari\/confezioni-regalo\/","og_locale":"it_IT","og_type":"article","og_title":"Confezioni Regalo - Prodotti alimentari","og_description":"Il regalo \u00e8 stato, fin dai tempi pi\u00f9 antichi, un mezzo per comunicare e per esprimere stati d&#8217;animo e sentimenti. Regalare i prodotti del Consorzio Agrario di Parma significa cura nella qualit\u00e0, rispetto della natura e dell&#8217;ambiente, ricerca di genuinit\u00e0 e di quei vecchi ed indimenticabili sapori e profumi che oggi sono cos\u00ec spesso trascurati. [&hellip;]","og_url":"https:\/\/www.consorzioagrarioparma.it\/prodotti-alimentari\/confezioni-regalo\/","og_site_name":"Prodotti alimentari","article_modified_time":"2024-11-28T14:52:00+00:00","og_image":[{"width":1280,"height":396,"url":"https:\/\/www.consorzioagrarioparma.it\/prodotti-alimentari\/wp-content\/uploads\/sites\/7\/2018\/09\/Mask-Group-220.png","type":"image\/png"}],"twitter_card":"summary_large_image","twitter_misc":{"Tempo di lettura stimato":"3 minuti"},"schema":{"@context":"https:\/\/schema.org","@graph":[{"@type":"WebPage","@id":"https:\/\/www.consorzioagrarioparma.it\/prodotti-alimentari\/confezioni-regalo\/","url":"https:\/\/www.consorzioagrarioparma.it\/prodotti-alimentari\/confezioni-regalo\/","name":"Confezioni Regalo - Prodotti alimentari","isPartOf":{"@id":"https:\/\/www.consorzioagrarioparma.it\/prodotti-alimentari\/#website"},"primaryImageOfPage":{"@id":"https:\/\/www.consorzioagrarioparma.it\/prodotti-alimentari\/confezioni-regalo\/#primaryimage"},"image":{"@id":"https:\/\/www.consorzioagrarioparma.it\/prodotti-alimentari\/confezioni-regalo\/#primaryimage"},"thumbnailUrl":"https:\/\/www.consorzioagrarioparma.it\/prodotti-alimentari\/wp-content\/uploads\/sites\/7\/2018\/09\/Mask-Group-220.png","datePublished":"2018-09-04T09:19:58+00:00","dateModified":"2024-11-28T14:52:00+00:00","breadcrumb":{"@id":"https:\/\/www.consorzioagrarioparma.it\/prodotti-alimentari\/confezioni-regalo\/#breadcrumb"},"inLanguage":"it-IT","potentialAction":[{"@type":"ReadAction","target":["https:\/\/www.consorzioagrarioparma.it\/prodotti-alimentari\/confezioni-regalo\/"]}]},{"@type":"ImageObject","inLanguage":"it-IT","@id":"https:\/\/www.consorzioagrarioparma.it\/prodotti-alimentari\/confezioni-regalo\/#primaryimage","url":"https:\/\/www.consorzioagrarioparma.it\/prodotti-alimentari\/wp-content\/uploads\/sites\/7\/2018\/09\/Mask-Group-220.png","contentUrl":"https:\/\/www.consorzioagrarioparma.it\/prodotti-alimentari\/wp-content\/uploads\/sites\/7\/2018\/09\/Mask-Group-220.png","width":1280,"height":396},{"@type":"BreadcrumbList","@id":"https:\/\/www.consorzioagrarioparma.it\/prodotti-alimentari\/confezioni-regalo\/#breadcrumb","itemListElement":[{"@type":"ListItem","position":1,"name":"Home","item":"https:\/\/www.consorzioagrarioparma.it\/prodotti-alimentari\/"},{"@type":"ListItem","position":2,"name":"Confezioni Regalo"}]},{"@type":"WebSite","@id":"https:\/\/www.consorzioagrarioparma.it\/prodotti-alimentari\/#website","url":"https:\/\/www.consorzioagrarioparma.it\/prodotti-alimentari\/","name":"Prodotti alimentari","description":"","publisher":{"@id":"https:\/\/www.consorzioagrarioparma.it\/prodotti-alimentari\/#organization"},"potentialAction":[{"@type":"SearchAction","target":{"@type":"EntryPoint","urlTemplate":"https:\/\/www.consorzioagrarioparma.it\/prodotti-alimentari\/?s={search_term_string}"},"query-input":{"@type":"PropertyValueSpecification","valueRequired":true,"valueName":"search_term_string"}}],"inLanguage":"it-IT"},{"@type":"Organization","@id":"https:\/\/www.consorzioagrarioparma.it\/prodotti-alimentari\/#organization","name":"Prodotti alimentari","url":"https:\/\/www.consorzioagrarioparma.it\/prodotti-alimentari\/","logo":{"@type":"ImageObject","inLanguage":"it-IT","@id":"https:\/\/www.consorzioagrarioparma.it\/prodotti-alimentari\/#\/schema\/logo\/image\/","url":"https:\/\/www.consorzioagrarioparma.it\/prodotti-alimentari\/wp-content\/uploads\/sites\/7\/2018\/09\/cropped-group-1887.png","contentUrl":"https:\/\/www.consorzioagrarioparma.it\/prodotti-alimentari\/wp-content\/uploads\/sites\/7\/2018\/09\/cropped-group-1887.png","width":250,"height":250,"caption":"Prodotti alimentari"},"image":{"@id":"https:\/\/www.consorzioagrarioparma.it\/prodotti-alimentari\/#\/schema\/logo\/image\/"}}]}},"_links":{"self":[{"href":"https:\/\/www.consorzioagrarioparma.it\/prodotti-alimentari\/wp-json\/wp\/v2\/pages\/97","targetHints":{"allow":["GET"]}}],"collection":[{"href":"https:\/\/www.consorzioagrarioparma.it\/prodotti-alimentari\/wp-json\/wp\/v2\/pages"}],"about":[{"href":"https:\/\/www.consorzioagrarioparma.it\/prodotti-alimentari\/wp-json\/wp\/v2\/types\/page"}],"author":[{"embeddable":true,"href":"https:\/\/www.consorzioagrarioparma.it\/prodotti-alimentari\/wp-json\/wp\/v2\/users\/4"}],"replies":[{"embeddable":true,"href":"https:\/\/www.consorzioagrarioparma.it\/prodotti-alimentari\/wp-json\/wp\/v2\/comments?post=97"}],"version-history":[{"count":10,"href":"https:\/\/www.consorzioagrarioparma.it\/prodotti-alimentari\/wp-json\/wp\/v2\/pages\/97\/revisions"}],"predecessor-version":[{"id":3183,"href":"https:\/\/www.consorzioagrarioparma.it\/prodotti-alimentari\/wp-json\/wp\/v2\/pages\/97\/revisions\/3183"}],"wp:featuredmedia":[{"embeddable":true,"href":"https:\/\/www.consorzioagrarioparma.it\/prodotti-alimentari\/wp-json\/wp\/v2\/media\/63"}],"wp:attachment":[{"href":"https:\/\/www.consorzioagrarioparma.it\/prodotti-alimentari\/wp-json\/wp\/v2\/media?parent=97"}],"curies":[{"name":"wp","href":"https:\/\/api.w.org\/{rel}","templated":true}]}}