{"id":88,"date":"2018-09-04T09:51:35","date_gmt":"2018-09-04T07:51:35","guid":{"rendered":"https:\/\/www.consorzioagrarioparma.it\/stoccaggio-commercializzazione-prodotti-agricoli\/?page_id=88"},"modified":"2018-12-11T08:01:58","modified_gmt":"2018-12-11T07:01:58","slug":"contratti-di-coltivazione","status":"publish","type":"page","link":"https:\/\/www.consorzioagrarioparma.it\/stoccaggio-commercializzazione-prodotti-agricoli\/contratti-di-coltivazione\/","title":{"rendered":"Contratti Di Coltivazione"},"content":{"rendered":"<p>Il Consorzio Agrario di Parma, grazie alla continua ricerca e alla divulgazione delle migliori tecniche agronomiche,\u00a0propone contratti di coltivazione\u00a0pluriennali. L&#8217;impiego delle variet\u00e0 indicate e il rispetto dei disciplinari previsti in tali contratti consentir\u00e0 loro di migliorare la qualit\u00e0 e di massimizzare la redditivit\u00e0 aziendale.<\/p>\n<p>Le sempre pi\u00f9 stringenti problematiche legate alla sanit\u00e0 delle produzioni alimentari hanno reso necessario l\u2019orientamento delle produzioni di cereali verso caratteristiche di qualit\u00e0 ben determinate ed identificabili.<\/p>\n","protected":false},"excerpt":{"rendered":"<p>Il Consorzio Agrario di Parma, grazie alla continua ricerca e alla divulgazione delle migliori tecniche agronomiche,\u00a0propone contratti di coltivazione\u00a0pluriennali. L&#8217;impiego delle variet\u00e0 indicate e il rispetto dei disciplinari previsti in tali contratti consentir\u00e0 loro di migliorare la qualit\u00e0 e di massimizzare la redditivit\u00e0 aziendale. Le sempre pi\u00f9 stringenti problematiche legate alla sanit\u00e0 delle produzioni alimentari [&hellip;]<\/p>\n","protected":false},"author":4,"featured_media":158,"parent":0,"menu_order":0,"comment_status":"closed","ping_status":"closed","template":"page-templates\/servizio.php","meta":{"_acf_changed":false,"footnotes":""},"class_list":["post-88","page","type-page","status-publish","has-post-thumbnail","hentry"],"acf":[],"yoast_head":"<!-- This site is optimized with the Yoast SEO plugin v27.4 - https:\/\/yoast.com\/product\/yoast-seo-wordpress\/ -->\n<title>Contratti Di Coltivazione - Stoccaggio e commercializzazione prodotti agricoli<\/title>\n<meta name=\"description\" content=\"Contratti di coltivazione proposti dal Consorzio Agrario di Parma. Contratti di coltivazione per valorizzare i prodotti agricoli.\" \/>\n<meta name=\"robots\" content=\"index, follow, max-snippet:-1, max-image-preview:large, max-video-preview:-1\" \/>\n<link rel=\"canonical\" href=\"https:\/\/www.consorzioagrarioparma.it\/stoccaggio-commercializzazione-prodotti-agricoli\/contratti-di-coltivazione\/\" \/>\n<meta property=\"og:locale\" content=\"it_IT\" \/>\n<meta property=\"og:type\" content=\"article\" \/>\n<meta property=\"og:title\" content=\"Contratti Di Coltivazione - Stoccaggio e commercializzazione prodotti agricoli\" \/>\n<meta property=\"og:description\" content=\"Contratti di coltivazione proposti dal Consorzio Agrario di Parma. Contratti di coltivazione per valorizzare i prodotti agricoli.\" \/>\n<meta property=\"og:url\" content=\"https:\/\/www.consorzioagrarioparma.it\/stoccaggio-commercializzazione-prodotti-agricoli\/contratti-di-coltivazione\/\" \/>\n<meta property=\"og:site_name\" content=\"Stoccaggio e commercializzazione prodotti agricoli\" \/>\n<meta property=\"article:modified_time\" content=\"2018-12-11T07:01:58+00:00\" \/>\n<meta property=\"og:image\" content=\"https:\/\/www.consorzioagrarioparma.it\/stoccaggio-commercializzazione-prodotti-agricoli\/wp-content\/uploads\/sites\/5\/2018\/10\/IMGP9281_2.jpg\" \/>\n\t<meta property=\"og:image:width\" content=\"1280\" \/>\n\t<meta property=\"og:image:height\" content=\"396\" \/>\n\t<meta property=\"og:image:type\" content=\"image\/jpeg\" \/>\n<meta name=\"twitter:card\" content=\"summary_large_image\" \/>\n<script type=\"application\/ld+json\" class=\"yoast-schema-graph\">{\"@context\":\"https:\\\/\\\/schema.org\",\"@graph\":[{\"@type\":\"WebPage\",\"@id\":\"https:\\\/\\\/www.consorzioagrarioparma.it\\\/stoccaggio-commercializzazione-prodotti-agricoli\\\/contratti-di-coltivazione\\\/\",\"url\":\"https:\\\/\\\/www.consorzioagrarioparma.it\\\/stoccaggio-commercializzazione-prodotti-agricoli\\\/contratti-di-coltivazione\\\/\",\"name\":\"Contratti Di Coltivazione - Stoccaggio e commercializzazione prodotti agricoli\",\"isPartOf\":{\"@id\":\"https:\\\/\\\/www.consorzioagrarioparma.it\\\/stoccaggio-commercializzazione-prodotti-agricoli\\\/#website\"},\"primaryImageOfPage\":{\"@id\":\"https:\\\/\\\/www.consorzioagrarioparma.it\\\/stoccaggio-commercializzazione-prodotti-agricoli\\\/contratti-di-coltivazione\\\/#primaryimage\"},\"image\":{\"@id\":\"https:\\\/\\\/www.consorzioagrarioparma.it\\\/stoccaggio-commercializzazione-prodotti-agricoli\\\/contratti-di-coltivazione\\\/#primaryimage\"},\"thumbnailUrl\":\"https:\\\/\\\/www.consorzioagrarioparma.it\\\/stoccaggio-commercializzazione-prodotti-agricoli\\\/wp-content\\\/uploads\\\/sites\\\/5\\\/2018\\\/10\\\/IMGP9281_2.jpg\",\"datePublished\":\"2018-09-04T07:51:35+00:00\",\"dateModified\":\"2018-12-11T07:01:58+00:00\",\"description\":\"Contratti di coltivazione proposti dal Consorzio Agrario di Parma. Contratti di coltivazione per valorizzare i prodotti agricoli.\",\"breadcrumb\":{\"@id\":\"https:\\\/\\\/www.consorzioagrarioparma.it\\\/stoccaggio-commercializzazione-prodotti-agricoli\\\/contratti-di-coltivazione\\\/#breadcrumb\"},\"inLanguage\":\"it-IT\",\"potentialAction\":[{\"@type\":\"ReadAction\",\"target\":[\"https:\\\/\\\/www.consorzioagrarioparma.it\\\/stoccaggio-commercializzazione-prodotti-agricoli\\\/contratti-di-coltivazione\\\/\"]}]},{\"@type\":\"ImageObject\",\"inLanguage\":\"it-IT\",\"@id\":\"https:\\\/\\\/www.consorzioagrarioparma.it\\\/stoccaggio-commercializzazione-prodotti-agricoli\\\/contratti-di-coltivazione\\\/#primaryimage\",\"url\":\"https:\\\/\\\/www.consorzioagrarioparma.it\\\/stoccaggio-commercializzazione-prodotti-agricoli\\\/wp-content\\\/uploads\\\/sites\\\/5\\\/2018\\\/10\\\/IMGP9281_2.jpg\",\"contentUrl\":\"https:\\\/\\\/www.consorzioagrarioparma.it\\\/stoccaggio-commercializzazione-prodotti-agricoli\\\/wp-content\\\/uploads\\\/sites\\\/5\\\/2018\\\/10\\\/IMGP9281_2.jpg\",\"width\":1280,\"height\":396},{\"@type\":\"BreadcrumbList\",\"@id\":\"https:\\\/\\\/www.consorzioagrarioparma.it\\\/stoccaggio-commercializzazione-prodotti-agricoli\\\/contratti-di-coltivazione\\\/#breadcrumb\",\"itemListElement\":[{\"@type\":\"ListItem\",\"position\":1,\"name\":\"Home\",\"item\":\"https:\\\/\\\/www.consorzioagrarioparma.it\\\/stoccaggio-commercializzazione-prodotti-agricoli\\\/\"},{\"@type\":\"ListItem\",\"position\":2,\"name\":\"Contratti Di Coltivazione\"}]},{\"@type\":\"WebSite\",\"@id\":\"https:\\\/\\\/www.consorzioagrarioparma.it\\\/stoccaggio-commercializzazione-prodotti-agricoli\\\/#website\",\"url\":\"https:\\\/\\\/www.consorzioagrarioparma.it\\\/stoccaggio-commercializzazione-prodotti-agricoli\\\/\",\"name\":\"Stoccaggio e commercializzazione prodotti agricoli\",\"description\":\"\",\"publisher\":{\"@id\":\"https:\\\/\\\/www.consorzioagrarioparma.it\\\/stoccaggio-commercializzazione-prodotti-agricoli\\\/#organization\"},\"potentialAction\":[{\"@type\":\"SearchAction\",\"target\":{\"@type\":\"EntryPoint\",\"urlTemplate\":\"https:\\\/\\\/www.consorzioagrarioparma.it\\\/stoccaggio-commercializzazione-prodotti-agricoli\\\/?s={search_term_string}\"},\"query-input\":{\"@type\":\"PropertyValueSpecification\",\"valueRequired\":true,\"valueName\":\"search_term_string\"}}],\"inLanguage\":\"it-IT\"},{\"@type\":\"Organization\",\"@id\":\"https:\\\/\\\/www.consorzioagrarioparma.it\\\/stoccaggio-commercializzazione-prodotti-agricoli\\\/#organization\",\"name\":\"Stoccaggio e commercializzazione prodotti agricoli\",\"url\":\"https:\\\/\\\/www.consorzioagrarioparma.it\\\/stoccaggio-commercializzazione-prodotti-agricoli\\\/\",\"logo\":{\"@type\":\"ImageObject\",\"inLanguage\":\"it-IT\",\"@id\":\"https:\\\/\\\/www.consorzioagrarioparma.it\\\/stoccaggio-commercializzazione-prodotti-agricoli\\\/#\\\/schema\\\/logo\\\/image\\\/\",\"url\":\"https:\\\/\\\/www.consorzioagrarioparma.it\\\/stoccaggio-commercializzazione-prodotti-agricoli\\\/wp-content\\\/uploads\\\/sites\\\/5\\\/2018\\\/09\\\/cropped-group-1884.png\",\"contentUrl\":\"https:\\\/\\\/www.consorzioagrarioparma.it\\\/stoccaggio-commercializzazione-prodotti-agricoli\\\/wp-content\\\/uploads\\\/sites\\\/5\\\/2018\\\/09\\\/cropped-group-1884.png\",\"width\":250,\"height\":250,\"caption\":\"Stoccaggio e commercializzazione prodotti agricoli\"},\"image\":{\"@id\":\"https:\\\/\\\/www.consorzioagrarioparma.it\\\/stoccaggio-commercializzazione-prodotti-agricoli\\\/#\\\/schema\\\/logo\\\/image\\\/\"}}]}<\/script>\n<!-- \/ Yoast SEO plugin. -->","yoast_head_json":{"title":"Contratti Di Coltivazione - Stoccaggio e commercializzazione prodotti agricoli","description":"Contratti di coltivazione proposti dal Consorzio Agrario di Parma. Contratti di coltivazione per valorizzare i prodotti agricoli.","robots":{"index":"index","follow":"follow","max-snippet":"max-snippet:-1","max-image-preview":"max-image-preview:large","max-video-preview":"max-video-preview:-1"},"canonical":"https:\/\/www.consorzioagrarioparma.it\/stoccaggio-commercializzazione-prodotti-agricoli\/contratti-di-coltivazione\/","og_locale":"it_IT","og_type":"article","og_title":"Contratti Di Coltivazione - Stoccaggio e commercializzazione prodotti agricoli","og_description":"Contratti di coltivazione proposti dal Consorzio Agrario di Parma. Contratti di coltivazione per valorizzare i prodotti agricoli.","og_url":"https:\/\/www.consorzioagrarioparma.it\/stoccaggio-commercializzazione-prodotti-agricoli\/contratti-di-coltivazione\/","og_site_name":"Stoccaggio e commercializzazione prodotti agricoli","article_modified_time":"2018-12-11T07:01:58+00:00","og_image":[{"width":1280,"height":396,"url":"https:\/\/www.consorzioagrarioparma.it\/stoccaggio-commercializzazione-prodotti-agricoli\/wp-content\/uploads\/sites\/5\/2018\/10\/IMGP9281_2.jpg","type":"image\/jpeg"}],"twitter_card":"summary_large_image","schema":{"@context":"https:\/\/schema.org","@graph":[{"@type":"WebPage","@id":"https:\/\/www.consorzioagrarioparma.it\/stoccaggio-commercializzazione-prodotti-agricoli\/contratti-di-coltivazione\/","url":"https:\/\/www.consorzioagrarioparma.it\/stoccaggio-commercializzazione-prodotti-agricoli\/contratti-di-coltivazione\/","name":"Contratti Di Coltivazione - Stoccaggio e commercializzazione prodotti agricoli","isPartOf":{"@id":"https:\/\/www.consorzioagrarioparma.it\/stoccaggio-commercializzazione-prodotti-agricoli\/#website"},"primaryImageOfPage":{"@id":"https:\/\/www.consorzioagrarioparma.it\/stoccaggio-commercializzazione-prodotti-agricoli\/contratti-di-coltivazione\/#primaryimage"},"image":{"@id":"https:\/\/www.consorzioagrarioparma.it\/stoccaggio-commercializzazione-prodotti-agricoli\/contratti-di-coltivazione\/#primaryimage"},"thumbnailUrl":"https:\/\/www.consorzioagrarioparma.it\/stoccaggio-commercializzazione-prodotti-agricoli\/wp-content\/uploads\/sites\/5\/2018\/10\/IMGP9281_2.jpg","datePublished":"2018-09-04T07:51:35+00:00","dateModified":"2018-12-11T07:01:58+00:00","description":"Contratti di coltivazione proposti dal Consorzio Agrario di Parma. Contratti di coltivazione per valorizzare i prodotti agricoli.","breadcrumb":{"@id":"https:\/\/www.consorzioagrarioparma.it\/stoccaggio-commercializzazione-prodotti-agricoli\/contratti-di-coltivazione\/#breadcrumb"},"inLanguage":"it-IT","potentialAction":[{"@type":"ReadAction","target":["https:\/\/www.consorzioagrarioparma.it\/stoccaggio-commercializzazione-prodotti-agricoli\/contratti-di-coltivazione\/"]}]},{"@type":"ImageObject","inLanguage":"it-IT","@id":"https:\/\/www.consorzioagrarioparma.it\/stoccaggio-commercializzazione-prodotti-agricoli\/contratti-di-coltivazione\/#primaryimage","url":"https:\/\/www.consorzioagrarioparma.it\/stoccaggio-commercializzazione-prodotti-agricoli\/wp-content\/uploads\/sites\/5\/2018\/10\/IMGP9281_2.jpg","contentUrl":"https:\/\/www.consorzioagrarioparma.it\/stoccaggio-commercializzazione-prodotti-agricoli\/wp-content\/uploads\/sites\/5\/2018\/10\/IMGP9281_2.jpg","width":1280,"height":396},{"@type":"BreadcrumbList","@id":"https:\/\/www.consorzioagrarioparma.it\/stoccaggio-commercializzazione-prodotti-agricoli\/contratti-di-coltivazione\/#breadcrumb","itemListElement":[{"@type":"ListItem","position":1,"name":"Home","item":"https:\/\/www.consorzioagrarioparma.it\/stoccaggio-commercializzazione-prodotti-agricoli\/"},{"@type":"ListItem","position":2,"name":"Contratti Di Coltivazione"}]},{"@type":"WebSite","@id":"https:\/\/www.consorzioagrarioparma.it\/stoccaggio-commercializzazione-prodotti-agricoli\/#website","url":"https:\/\/www.consorzioagrarioparma.it\/stoccaggio-commercializzazione-prodotti-agricoli\/","name":"Stoccaggio e commercializzazione prodotti agricoli","description":"","publisher":{"@id":"https:\/\/www.consorzioagrarioparma.it\/stoccaggio-commercializzazione-prodotti-agricoli\/#organization"},"potentialAction":[{"@type":"SearchAction","target":{"@type":"EntryPoint","urlTemplate":"https:\/\/www.consorzioagrarioparma.it\/stoccaggio-commercializzazione-prodotti-agricoli\/?s={search_term_string}"},"query-input":{"@type":"PropertyValueSpecification","valueRequired":true,"valueName":"search_term_string"}}],"inLanguage":"it-IT"},{"@type":"Organization","@id":"https:\/\/www.consorzioagrarioparma.it\/stoccaggio-commercializzazione-prodotti-agricoli\/#organization","name":"Stoccaggio e commercializzazione prodotti agricoli","url":"https:\/\/www.consorzioagrarioparma.it\/stoccaggio-commercializzazione-prodotti-agricoli\/","logo":{"@type":"ImageObject","inLanguage":"it-IT","@id":"https:\/\/www.consorzioagrarioparma.it\/stoccaggio-commercializzazione-prodotti-agricoli\/#\/schema\/logo\/image\/","url":"https:\/\/www.consorzioagrarioparma.it\/stoccaggio-commercializzazione-prodotti-agricoli\/wp-content\/uploads\/sites\/5\/2018\/09\/cropped-group-1884.png","contentUrl":"https:\/\/www.consorzioagrarioparma.it\/stoccaggio-commercializzazione-prodotti-agricoli\/wp-content\/uploads\/sites\/5\/2018\/09\/cropped-group-1884.png","width":250,"height":250,"caption":"Stoccaggio e commercializzazione prodotti agricoli"},"image":{"@id":"https:\/\/www.consorzioagrarioparma.it\/stoccaggio-commercializzazione-prodotti-agricoli\/#\/schema\/logo\/image\/"}}]}},"_links":{"self":[{"href":"https:\/\/www.consorzioagrarioparma.it\/stoccaggio-commercializzazione-prodotti-agricoli\/wp-json\/wp\/v2\/pages\/88","targetHints":{"allow":["GET"]}}],"collection":[{"href":"https:\/\/www.consorzioagrarioparma.it\/stoccaggio-commercializzazione-prodotti-agricoli\/wp-json\/wp\/v2\/pages"}],"about":[{"href":"https:\/\/www.consorzioagrarioparma.it\/stoccaggio-commercializzazione-prodotti-agricoli\/wp-json\/wp\/v2\/types\/page"}],"author":[{"embeddable":true,"href":"https:\/\/www.consorzioagrarioparma.it\/stoccaggio-commercializzazione-prodotti-agricoli\/wp-json\/wp\/v2\/users\/4"}],"replies":[{"embeddable":true,"href":"https:\/\/www.consorzioagrarioparma.it\/stoccaggio-commercializzazione-prodotti-agricoli\/wp-json\/wp\/v2\/comments?post=88"}],"version-history":[{"count":5,"href":"https:\/\/www.consorzioagrarioparma.it\/stoccaggio-commercializzazione-prodotti-agricoli\/wp-json\/wp\/v2\/pages\/88\/revisions"}],"predecessor-version":[{"id":203,"href":"https:\/\/www.consorzioagrarioparma.it\/stoccaggio-commercializzazione-prodotti-agricoli\/wp-json\/wp\/v2\/pages\/88\/revisions\/203"}],"wp:featuredmedia":[{"embeddable":true,"href":"https:\/\/www.consorzioagrarioparma.it\/stoccaggio-commercializzazione-prodotti-agricoli\/wp-json\/wp\/v2\/media\/158"}],"wp:attachment":[{"href":"https:\/\/www.consorzioagrarioparma.it\/stoccaggio-commercializzazione-prodotti-agricoli\/wp-json\/wp\/v2\/media?parent=88"}],"curies":[{"name":"wp","href":"https:\/\/api.w.org\/{rel}","templated":true}]}}